{"id":370,"date":"2022-05-17T13:50:26","date_gmt":"2022-05-17T11:50:26","guid":{"rendered":"https:\/\/cigandse.hu\/?page_id=370"},"modified":"2022-09-08T10:06:03","modified_gmt":"2022-09-08T08:06:03","slug":"u13","status":"publish","type":"page","link":"https:\/\/cigandse.hu\/index.php\/csapatok\/u13\/","title":{"rendered":"U13"},"content":{"rendered":"<p><a href=\"https:\/\/cigandse.hu\/wp-content\/uploads\/2022\/09\/u13.jpg\"><img loading=\"lazy\" decoding=\"async\" class=\"alignnone wp-image-1029 size-full\" src=\"https:\/\/cigandse.hu\/wp-content\/uploads\/2022\/09\/u13.jpg\" alt=\"\" width=\"2048\" height=\"1366\" srcset=\"https:\/\/cigandse.hu\/wp-content\/uploads\/2022\/09\/u13.jpg 2048w, https:\/\/cigandse.hu\/wp-content\/uploads\/2022\/09\/u13-300x200.jpg 300w, https:\/\/cigandse.hu\/wp-content\/uploads\/2022\/09\/u13-1024x683.jpg 1024w, https:\/\/cigandse.hu\/wp-content\/uploads\/2022\/09\/u13-768x512.jpg 768w, https:\/\/cigandse.hu\/wp-content\/uploads\/2022\/09\/u13-1536x1025.jpg 1536w, https:\/\/cigandse.hu\/wp-content\/uploads\/2022\/09\/u13-128x85.jpg 128w, https:\/\/cigandse.hu\/wp-content\/uploads\/2022\/09\/u13-32x21.jpg 32w\" sizes=\"auto, (max-width: 2048px) 100vw, 2048px\" \/><\/a><\/p>\n","protected":false},"excerpt":{"rendered":"","protected":false},"author":1,"featured_media":0,"parent":16,"menu_order":0,"comment_status":"closed","ping_status":"closed","template":"","meta":{"_uag_custom_page_level_css":"","footnotes":""},"class_list":["post-370","page","type-page","status-publish","hentry"],"yoast_head":"<!-- This site is optimized with the Yoast SEO plugin v25.5 - https:\/\/yoast.com\/wordpress\/plugins\/seo\/ -->\n<title>U13 - Cig\u00e1nd Sportegyes\u00fclet hivatalos oldala<\/title>\n<meta name=\"robots\" content=\"index, follow, max-snippet:-1, max-image-preview:large, max-video-preview:-1\" \/>\n<link rel=\"canonical\" href=\"https:\/\/cigandse.hu\/index.php\/csapatok\/u13\/\" \/>\n<meta property=\"og:locale\" content=\"hu_HU\" \/>\n<meta property=\"og:type\" content=\"article\" \/>\n<meta property=\"og:title\" content=\"U13 - Cig\u00e1nd Sportegyes\u00fclet hivatalos oldala\" \/>\n<meta property=\"og:url\" content=\"https:\/\/cigandse.hu\/index.php\/csapatok\/u13\/\" \/>\n<meta property=\"og:site_name\" content=\"Cig\u00e1nd Sportegyes\u00fclet hivatalos oldala\" \/>\n<meta property=\"article:publisher\" content=\"https:\/\/www.facebook.com\/CigandSportegyesulet\" \/>\n<meta property=\"article:modified_time\" content=\"2022-09-08T08:06:03+00:00\" \/>\n<meta property=\"og:image\" content=\"https:\/\/cigandse.hu\/wp-content\/uploads\/2022\/09\/u13.jpg\" \/>\n<meta name=\"twitter:card\" content=\"summary_large_image\" \/>\n<meta name=\"twitter:label1\" content=\"Becs\u00fclt olvas\u00e1si id\u0151\" \/>\n\t<meta name=\"twitter:data1\" content=\"1 perc\" \/>\n<script type=\"application\/ld+json\" class=\"yoast-schema-graph\">{\"@context\":\"https:\/\/schema.org\",\"@graph\":[{\"@type\":\"WebPage\",\"@id\":\"https:\/\/cigandse.hu\/index.php\/csapatok\/u13\/\",\"url\":\"https:\/\/cigandse.hu\/index.php\/csapatok\/u13\/\",\"name\":\"U13 - Cig\u00e1nd Sportegyes\u00fclet hivatalos oldala\",\"isPartOf\":{\"@id\":\"https:\/\/cigandse.hu\/#website\"},\"primaryImageOfPage\":{\"@id\":\"https:\/\/cigandse.hu\/index.php\/csapatok\/u13\/#primaryimage\"},\"image\":{\"@id\":\"https:\/\/cigandse.hu\/index.php\/csapatok\/u13\/#primaryimage\"},\"thumbnailUrl\":\"https:\/\/cigandse.hu\/wp-content\/uploads\/2022\/09\/u13.jpg\",\"datePublished\":\"2022-05-17T11:50:26+00:00\",\"dateModified\":\"2022-09-08T08:06:03+00:00\",\"breadcrumb\":{\"@id\":\"https:\/\/cigandse.hu\/index.php\/csapatok\/u13\/#breadcrumb\"},\"inLanguage\":\"hu\",\"potentialAction\":[{\"@type\":\"ReadAction\",\"target\":[\"https:\/\/cigandse.hu\/index.php\/csapatok\/u13\/\"]}]},{\"@type\":\"ImageObject\",\"inLanguage\":\"hu\",\"@id\":\"https:\/\/cigandse.hu\/index.php\/csapatok\/u13\/#primaryimage\",\"url\":\"https:\/\/cigandse.hu\/wp-content\/uploads\/2022\/09\/u13.jpg\",\"contentUrl\":\"https:\/\/cigandse.hu\/wp-content\/uploads\/2022\/09\/u13.jpg\",\"width\":2048,\"height\":1366},{\"@type\":\"BreadcrumbList\",\"@id\":\"https:\/\/cigandse.hu\/index.php\/csapatok\/u13\/#breadcrumb\",\"itemListElement\":[{\"@type\":\"ListItem\",\"position\":1,\"name\":\"Kezd\u0151lap\",\"item\":\"https:\/\/cigandse.hu\/\"},{\"@type\":\"ListItem\",\"position\":2,\"name\":\"Csapatok\",\"item\":\"https:\/\/cigandse.hu\/index.php\/csapatok\/\"},{\"@type\":\"ListItem\",\"position\":3,\"name\":\"U13\"}]},{\"@type\":\"WebSite\",\"@id\":\"https:\/\/cigandse.hu\/#website\",\"url\":\"https:\/\/cigandse.hu\/\",\"name\":\"Cig\u00e1nd Sportegyes\u00fclet hivatalos oldala\",\"description\":\"Cig\u00e1nd Sportegyes\u00fclet hivatalos oldala\",\"publisher\":{\"@id\":\"https:\/\/cigandse.hu\/#organization\"},\"potentialAction\":[{\"@type\":\"SearchAction\",\"target\":{\"@type\":\"EntryPoint\",\"urlTemplate\":\"https:\/\/cigandse.hu\/?s={search_term_string}\"},\"query-input\":{\"@type\":\"PropertyValueSpecification\",\"valueRequired\":true,\"valueName\":\"search_term_string\"}}],\"inLanguage\":\"hu\"},{\"@type\":\"Organization\",\"@id\":\"https:\/\/cigandse.hu\/#organization\",\"name\":\"Cig\u00e1nd Sportegyes\u00fclet\",\"url\":\"https:\/\/cigandse.hu\/\",\"logo\":{\"@type\":\"ImageObject\",\"inLanguage\":\"hu\",\"@id\":\"https:\/\/cigandse.hu\/#\/schema\/logo\/image\/\",\"url\":\"https:\/\/cigandse.hu\/wp-content\/uploads\/2022\/04\/Cigand-SE-cimer-1.jpg\",\"contentUrl\":\"https:\/\/cigandse.hu\/wp-content\/uploads\/2022\/04\/Cigand-SE-cimer-1.jpg\",\"width\":1932,\"height\":2088,\"caption\":\"Cig\u00e1nd Sportegyes\u00fclet\"},\"image\":{\"@id\":\"https:\/\/cigandse.hu\/#\/schema\/logo\/image\/\"},\"sameAs\":[\"https:\/\/www.facebook.com\/CigandSportegyesulet\",\"https:\/\/www.youtube.com\/channel\/UC0prdKj31NqRteZ5J4bGUZw\",\"https:\/\/hu.wikipedia.org\/wiki\/Cig\u00e1nd_SE\"]}]}<\/script>\n<!-- \/ Yoast SEO plugin. -->","yoast_head_json":{"title":"U13 - Cig\u00e1nd Sportegyes\u00fclet hivatalos oldala","robots":{"index":"index","follow":"follow","max-snippet":"max-snippet:-1","max-image-preview":"max-image-preview:large","max-video-preview":"max-video-preview:-1"},"canonical":"https:\/\/cigandse.hu\/index.php\/csapatok\/u13\/","og_locale":"hu_HU","og_type":"article","og_title":"U13 - Cig\u00e1nd Sportegyes\u00fclet hivatalos oldala","og_url":"https:\/\/cigandse.hu\/index.php\/csapatok\/u13\/","og_site_name":"Cig\u00e1nd Sportegyes\u00fclet hivatalos oldala","article_publisher":"https:\/\/www.facebook.com\/CigandSportegyesulet","article_modified_time":"2022-09-08T08:06:03+00:00","og_image":[{"url":"https:\/\/cigandse.hu\/wp-content\/uploads\/2022\/09\/u13.jpg","type":"","width":"","height":""}],"twitter_card":"summary_large_image","twitter_misc":{"Becs\u00fclt olvas\u00e1si id\u0151":"1 perc"},"schema":{"@context":"https:\/\/schema.org","@graph":[{"@type":"WebPage","@id":"https:\/\/cigandse.hu\/index.php\/csapatok\/u13\/","url":"https:\/\/cigandse.hu\/index.php\/csapatok\/u13\/","name":"U13 - Cig\u00e1nd Sportegyes\u00fclet hivatalos oldala","isPartOf":{"@id":"https:\/\/cigandse.hu\/#website"},"primaryImageOfPage":{"@id":"https:\/\/cigandse.hu\/index.php\/csapatok\/u13\/#primaryimage"},"image":{"@id":"https:\/\/cigandse.hu\/index.php\/csapatok\/u13\/#primaryimage"},"thumbnailUrl":"https:\/\/cigandse.hu\/wp-content\/uploads\/2022\/09\/u13.jpg","datePublished":"2022-05-17T11:50:26+00:00","dateModified":"2022-09-08T08:06:03+00:00","breadcrumb":{"@id":"https:\/\/cigandse.hu\/index.php\/csapatok\/u13\/#breadcrumb"},"inLanguage":"hu","potentialAction":[{"@type":"ReadAction","target":["https:\/\/cigandse.hu\/index.php\/csapatok\/u13\/"]}]},{"@type":"ImageObject","inLanguage":"hu","@id":"https:\/\/cigandse.hu\/index.php\/csapatok\/u13\/#primaryimage","url":"https:\/\/cigandse.hu\/wp-content\/uploads\/2022\/09\/u13.jpg","contentUrl":"https:\/\/cigandse.hu\/wp-content\/uploads\/2022\/09\/u13.jpg","width":2048,"height":1366},{"@type":"BreadcrumbList","@id":"https:\/\/cigandse.hu\/index.php\/csapatok\/u13\/#breadcrumb","itemListElement":[{"@type":"ListItem","position":1,"name":"Kezd\u0151lap","item":"https:\/\/cigandse.hu\/"},{"@type":"ListItem","position":2,"name":"Csapatok","item":"https:\/\/cigandse.hu\/index.php\/csapatok\/"},{"@type":"ListItem","position":3,"name":"U13"}]},{"@type":"WebSite","@id":"https:\/\/cigandse.hu\/#website","url":"https:\/\/cigandse.hu\/","name":"Cig\u00e1nd Sportegyes\u00fclet hivatalos oldala","description":"Cig\u00e1nd Sportegyes\u00fclet hivatalos oldala","publisher":{"@id":"https:\/\/cigandse.hu\/#organization"},"potentialAction":[{"@type":"SearchAction","target":{"@type":"EntryPoint","urlTemplate":"https:\/\/cigandse.hu\/?s={search_term_string}"},"query-input":{"@type":"PropertyValueSpecification","valueRequired":true,"valueName":"search_term_string"}}],"inLanguage":"hu"},{"@type":"Organization","@id":"https:\/\/cigandse.hu\/#organization","name":"Cig\u00e1nd Sportegyes\u00fclet","url":"https:\/\/cigandse.hu\/","logo":{"@type":"ImageObject","inLanguage":"hu","@id":"https:\/\/cigandse.hu\/#\/schema\/logo\/image\/","url":"https:\/\/cigandse.hu\/wp-content\/uploads\/2022\/04\/Cigand-SE-cimer-1.jpg","contentUrl":"https:\/\/cigandse.hu\/wp-content\/uploads\/2022\/04\/Cigand-SE-cimer-1.jpg","width":1932,"height":2088,"caption":"Cig\u00e1nd Sportegyes\u00fclet"},"image":{"@id":"https:\/\/cigandse.hu\/#\/schema\/logo\/image\/"},"sameAs":["https:\/\/www.facebook.com\/CigandSportegyesulet","https:\/\/www.youtube.com\/channel\/UC0prdKj31NqRteZ5J4bGUZw","https:\/\/hu.wikipedia.org\/wiki\/Cig\u00e1nd_SE"]}]}},"uagb_featured_image_src":{"full":false,"thumbnail":false,"medium":false,"medium_large":false,"large":false,"1536x1536":false,"2048x2048":false,"sportspress-crop-medium":false,"sportspress-fit-medium":false,"sportspress-fit-icon":false,"sportspress-fit-mini":false},"uagb_author_info":{"display_name":"admin","author_link":"https:\/\/cigandse.hu\/index.php\/author\/terjeksandor\/"},"uagb_comment_info":0,"uagb_excerpt":null,"_links":{"self":[{"href":"https:\/\/cigandse.hu\/index.php\/wp-json\/wp\/v2\/pages\/370","targetHints":{"allow":["GET"]}}],"collection":[{"href":"https:\/\/cigandse.hu\/index.php\/wp-json\/wp\/v2\/pages"}],"about":[{"href":"https:\/\/cigandse.hu\/index.php\/wp-json\/wp\/v2\/types\/page"}],"author":[{"embeddable":true,"href":"https:\/\/cigandse.hu\/index.php\/wp-json\/wp\/v2\/users\/1"}],"replies":[{"embeddable":true,"href":"https:\/\/cigandse.hu\/index.php\/wp-json\/wp\/v2\/comments?post=370"}],"version-history":[{"count":3,"href":"https:\/\/cigandse.hu\/index.php\/wp-json\/wp\/v2\/pages\/370\/revisions"}],"predecessor-version":[{"id":1051,"href":"https:\/\/cigandse.hu\/index.php\/wp-json\/wp\/v2\/pages\/370\/revisions\/1051"}],"up":[{"embeddable":true,"href":"https:\/\/cigandse.hu\/index.php\/wp-json\/wp\/v2\/pages\/16"}],"wp:attachment":[{"href":"https:\/\/cigandse.hu\/index.php\/wp-json\/wp\/v2\/media?parent=370"}],"curies":[{"name":"wp","href":"https:\/\/api.w.org\/{rel}","templated":true}]}}